{"id":20,"date":"2025-07-23T06:46:18","date_gmt":"2025-07-23T06:46:18","guid":{"rendered":"https:\/\/cele.ovh\/?page_id=20"},"modified":"2025-07-23T06:51:36","modified_gmt":"2025-07-23T06:51:36","slug":"historia","status":"publish","type":"page","link":"https:\/\/cele.ovh\/?page_id=20","title":{"rendered":"Historia"},"content":{"rendered":"\t\t<div data-elementor-type=\"wp-page\" data-elementor-id=\"20\" class=\"elementor elementor-20\" data-elementor-post-type=\"page\">\n\t\t\t\t<div class=\"elementor-element elementor-element-2c8eca42 e-flex e-con-boxed e-con e-parent\" data-id=\"2c8eca42\" data-element_type=\"container\" data-settings=\"{&quot;background_background&quot;:&quot;classic&quot;}\">\n\t\t\t\t\t<div class=\"e-con-inner\">\n\t\t<div class=\"elementor-element elementor-element-1a004573 e-con-full e-flex e-con e-child\" data-id=\"1a004573\" data-element_type=\"container\">\n\t\t\t\t<div class=\"elementor-element elementor-element-2bbb92bf elementor-widget elementor-widget-heading\" data-id=\"2bbb92bf\" data-element_type=\"widget\" data-widget_type=\"heading.default\">\n\t\t\t\t\t<h2 class=\"elementor-heading-title elementor-size-default\">Compromiso y Trayectoria<\/h2>\t\t\t\t<\/div>\n\t\t\t\t<\/div>\n\t\t<div class=\"elementor-element elementor-element-3c7a2841 e-con-full e-flex e-con e-child\" data-id=\"3c7a2841\" data-element_type=\"container\">\n\t\t\t\t<div class=\"elementor-element elementor-element-775c4ed7 elementor-widget elementor-widget-text-editor\" data-id=\"775c4ed7\" data-element_type=\"widget\" data-widget_type=\"text-editor.default\">\n\t\t\t\t\t\t\t\t\t<p>Desde nuestra fundaci\u00f3n, nos hemos dedicado a la fabricaci\u00f3n y montaje de cableados y sistemas de fibra \u00f3ptica. Con una trayectoria marcada por la calidad y el profesionalismo, nuestro equipo trabaja para ofrecer soluciones eficientes y efectivas a nuestros clientes, asegurando un servicio que cumpla con los m\u00e1s altos est\u00e1ndares de la industria.<\/p>\t\t\t\t\t\t\t\t<\/div>\n\t\t\t\t<\/div>\n\t\t\t\t\t<\/div>\n\t\t\t\t<\/div>\n\t\t<div class=\"elementor-element elementor-element-26b39c0a e-flex e-con-boxed e-con e-parent\" data-id=\"26b39c0a\" data-element_type=\"container\">\n\t\t\t\t\t<div class=\"e-con-inner\">\n\t\t<div class=\"elementor-element elementor-element-6d02ae35 e-con-full e-flex e-con e-child\" data-id=\"6d02ae35\" data-element_type=\"container\">\n\t\t\t\t<div class=\"elementor-element elementor-element-72a116dd elementor-widget elementor-widget-heading\" data-id=\"72a116dd\" data-element_type=\"widget\" data-widget_type=\"heading.default\">\n\t\t\t\t\t<h5 class=\"elementor-heading-title elementor-size-default\">Conectando el futuro<\/h5>\t\t\t\t<\/div>\n\t\t\t\t<div class=\"elementor-element elementor-element-13319dd3 elementor-widget elementor-widget-heading\" data-id=\"13319dd3\" data-element_type=\"widget\" data-widget_type=\"heading.default\">\n\t\t\t\t\t<h2 class=\"elementor-heading-title elementor-size-default\">Nuestra trayectoria en la fabricaci\u00f3n y montaje de cableado<\/h2>\t\t\t\t<\/div>\n\t\t\t\t<\/div>\n\t\t<div class=\"elementor-element elementor-element-7b3ae831 e-con-full e-flex e-con e-child\" data-id=\"7b3ae831\" data-element_type=\"container\">\n\t\t\t\t<div class=\"elementor-element elementor-element-4b7a728e elementor-widget-divider--view-line elementor-widget elementor-widget-divider\" data-id=\"4b7a728e\" data-element_type=\"widget\" data-widget_type=\"divider.default\">\n\t\t\t\t\t\t\t<div class=\"elementor-divider\">\n\t\t\t<span class=\"elementor-divider-separator\">\n\t\t\t\t\t\t<\/span>\n\t\t<\/div>\n\t\t\t\t\t\t<\/div>\n\t\t\t\t<div class=\"elementor-element elementor-element-662c79d1 elementor-widget elementor-widget-text-editor\" data-id=\"662c79d1\" data-element_type=\"widget\" data-widget_type=\"text-editor.default\">\n\t\t\t\t\t\t\t\t\t<p>Desde nuestros inicios, nos hemos dedicado a la fabricaci\u00f3n y montaje de cableados, as\u00ed como de fibra \u00f3ptica y equipos auxiliares. Con una s\u00f3lida trayectoria en el sector, nos hemos consolidado como un referente en la industria, ofreciendo soluciones personalizadas que cumplen con las m\u00e1s altas exigencias de calidad. Nuestro enfoque integral incluye la asesor\u00eda t\u00e9cnica y el servicio postventa, garantizando que nuestros clientes reciban no solo productos de superior calidad, sino tambi\u00e9n un soporte confiable. A lo largo de los a\u00f1os, hemos logrado adaptar nuestro cat\u00e1logo a las innovaciones del mercado, asegurando que nuestros servicios est\u00e9n siempre en la vanguardia. De este modo, seguimos comprometidos con la mejora continua y la satisfacci\u00f3n de nuestros clientes, valores que son pilares fundamentales de nuestra operar.<\/p>\t\t\t\t\t\t\t\t<\/div>\n\t\t\t\t<\/div>\n\t\t\t\t\t<\/div>\n\t\t\t\t<\/div>\n\t\t<div class=\"elementor-element elementor-element-2c30074c e-flex e-con-boxed e-con e-parent\" data-id=\"2c30074c\" data-element_type=\"container\">\n\t\t\t\t\t<div class=\"e-con-inner\">\n\t\t<div class=\"elementor-element elementor-element-7a51302e e-con-full e-flex e-con e-child\" data-id=\"7a51302e\" data-element_type=\"container\">\n\t\t\t\t<div class=\"elementor-element elementor-element-5bea4439 elementor-widget elementor-widget-heading\" data-id=\"5bea4439\" data-element_type=\"widget\" data-widget_type=\"heading.default\">\n\t\t\t\t\t<h5 class=\"elementor-heading-title elementor-size-default\">Nuestra Historia<\/h5>\t\t\t\t<\/div>\n\t\t\t\t<div class=\"elementor-element elementor-element-50d5bdd2 elementor-widget elementor-widget-heading\" data-id=\"50d5bdd2\" data-element_type=\"widget\" data-widget_type=\"heading.default\">\n\t\t\t\t\t<h2 class=\"elementor-heading-title elementor-size-default\">Evoluci\u00f3n de nuestra empresa a lo largo de los a\u00f1os<\/h2>\t\t\t\t<\/div>\n\t\t\t\t<div class=\"elementor-element elementor-element-27b39265 elementor-widget elementor-widget-text-editor\" data-id=\"27b39265\" data-element_type=\"widget\" data-widget_type=\"text-editor.default\">\n\t\t\t\t\t\t\t\t\t<p>A lo largo de los a\u00f1os, hemos alcanzado numerosos hitos en nuestra trayectoria empresarial. Cada paso nos ha acercado a la excelencia en la fabricaci\u00f3n y montaje de cableados y fibra \u00f3ptica. Te invitamos a conocer las fechas importantes que han marcado nuestra evoluci\u00f3n, y c\u00f3mo hemos logrado adaptarnos a un mercado en constante cambio.<\/p>\t\t\t\t\t\t\t\t<\/div>\n\t\t\t\t<\/div>\n\t\t<div class=\"elementor-element elementor-element-712ffbbf e-con-full e-flex e-con e-child\" data-id=\"712ffbbf\" data-element_type=\"container\">\n\t\t<div class=\"elementor-element elementor-element-84873b e-con-full e-flex e-con e-child\" data-id=\"84873b\" data-element_type=\"container\">\n\t\t<div class=\"elementor-element elementor-element-629e74bd e-con-full e-flex e-con e-child\" data-id=\"629e74bd\" data-element_type=\"container\">\n\t\t\t\t<div class=\"elementor-element elementor-element-618bfe7c elementor-vertical-align-top elementor-widget elementor-widget-icon-box\" data-id=\"618bfe7c\" data-element_type=\"widget\" data-widget_type=\"icon-box.default\">\n\t\t\t\t\t\t\t<div class=\"elementor-icon-box-wrapper\">\n\n\t\t\t\n\t\t\t\t\t\t<div class=\"elementor-icon-box-content\">\n\n\t\t\t\t\t\t\t\t\t<h3 class=\"elementor-icon-box-title\">\n\t\t\t\t\t\t<span  >\n\t\t\t\t\t\t\t07\/05\/2015 - Inicio de operaciones\t\t\t\t\t\t<\/span>\n\t\t\t\t\t<\/h3>\n\t\t\t\t\n\t\t\t\t\t\t\t\t\t<p class=\"elementor-icon-box-description\">\n\t\t\t\t\t\tComenzamos nuestra actividad con el objetivo de ofrecer soluciones de calidad en cableado estructurado y sistemas de fibra \u00f3ptica.\t\t\t\t\t<\/p>\n\t\t\t\t\n\t\t\t<\/div>\n\t\t\t\n\t\t<\/div>\n\t\t\t\t\t\t<\/div>\n\t\t\t\t<\/div>\n\t\t<div class=\"elementor-element elementor-element-13410856 e-con-full e-flex e-con e-child\" data-id=\"13410856\" data-element_type=\"container\">\n\t\t\t\t<div class=\"elementor-element elementor-element-5a68a8e6 elementor-widget__width-auto elementor-widget elementor-widget-button\" data-id=\"5a68a8e6\" data-element_type=\"widget\" data-widget_type=\"button.default\">\n\t\t\t\t\t\t\t\t\t\t<a class=\"elementor-button elementor-button-link elementor-size-sm\" href=\"#\">\n\t\t\t\t\t\t<span class=\"elementor-button-content-wrapper\">\n\t\t\t\t\t\t\t\t\t<span class=\"elementor-button-text\">M\u00e1s info<\/span>\n\t\t\t\t\t<\/span>\n\t\t\t\t\t<\/a>\n\t\t\t\t\t\t\t\t<\/div>\n\t\t\t\t<div class=\"elementor-element elementor-element-3845c380 elementor-widget__width-auto elementor-widget elementor-widget-button\" data-id=\"3845c380\" data-element_type=\"widget\" data-widget_type=\"button.default\">\n\t\t\t\t\t\t\t\t\t\t<a class=\"elementor-button elementor-button-link elementor-size-sm\" href=\"#\">\n\t\t\t\t\t\t<span class=\"elementor-button-content-wrapper\">\n\t\t\t\t\t\t<span class=\"elementor-button-icon\">\n\t\t\t\t<svg aria-hidden=\"true\" class=\"e-font-icon-svg e-fas-chevron-right\" viewBox=\"0 0 320 512\" xmlns=\"http:\/\/www.w3.org\/2000\/svg\"><path d=\"M285.476 272.971L91.132 467.314c-9.373 9.373-24.569 9.373-33.941 0l-22.667-22.667c-9.357-9.357-9.375-24.522-.04-33.901L188.505 256 34.484 101.255c-9.335-9.379-9.317-24.544.04-33.901l22.667-22.667c9.373-9.373 24.569-9.373 33.941 0L285.475 239.03c9.373 9.372 9.373 24.568.001 33.941z\"><\/path><\/svg>\t\t\t<\/span>\n\t\t\t\t\t\t\t\t\t<span class=\"elementor-button-text\">M\u00e1s detalles<\/span>\n\t\t\t\t\t<\/span>\n\t\t\t\t\t<\/a>\n\t\t\t\t\t\t\t\t<\/div>\n\t\t\t\t<\/div>\n\t\t\t\t<\/div>\n\t\t<div class=\"elementor-element elementor-element-1acc0fe2 e-con-full e-flex e-con e-child\" data-id=\"1acc0fe2\" data-element_type=\"container\">\n\t\t<div class=\"elementor-element elementor-element-4b475184 e-con-full e-flex e-con e-child\" data-id=\"4b475184\" data-element_type=\"container\">\n\t\t\t\t<div class=\"elementor-element elementor-element-157b8c27 elementor-vertical-align-top elementor-widget elementor-widget-icon-box\" data-id=\"157b8c27\" data-element_type=\"widget\" data-widget_type=\"icon-box.default\">\n\t\t\t\t\t\t\t<div class=\"elementor-icon-box-wrapper\">\n\n\t\t\t\n\t\t\t\t\t\t<div class=\"elementor-icon-box-content\">\n\n\t\t\t\t\t\t\t\t\t<h3 class=\"elementor-icon-box-title\">\n\t\t\t\t\t\t<span  >\n\t\t\t\t\t\t\t12\/09\/2018 - Expansi\u00f3n del cat\u00e1logo\t\t\t\t\t\t<\/span>\n\t\t\t\t\t<\/h3>\n\t\t\t\t\n\t\t\t\t\t\t\t\t\t<p class=\"elementor-icon-box-description\">\n\t\t\t\t\t\tAmpliamos nuestra gama de productos y servicios para satisfacer mejor las necesidades de nuestros clientes.\t\t\t\t\t<\/p>\n\t\t\t\t\n\t\t\t<\/div>\n\t\t\t\n\t\t<\/div>\n\t\t\t\t\t\t<\/div>\n\t\t\t\t<\/div>\n\t\t<div class=\"elementor-element elementor-element-1b856481 e-con-full e-flex e-con e-child\" data-id=\"1b856481\" data-element_type=\"container\">\n\t\t\t\t<div class=\"elementor-element elementor-element-3fbe2ebb elementor-widget__width-auto elementor-widget elementor-widget-button\" data-id=\"3fbe2ebb\" data-element_type=\"widget\" data-widget_type=\"button.default\">\n\t\t\t\t\t\t\t\t\t\t<a class=\"elementor-button elementor-button-link elementor-size-sm\" href=\"#\">\n\t\t\t\t\t\t<span class=\"elementor-button-content-wrapper\">\n\t\t\t\t\t\t\t\t\t<span class=\"elementor-button-text\">Descubre m\u00e1s<\/span>\n\t\t\t\t\t<\/span>\n\t\t\t\t\t<\/a>\n\t\t\t\t\t\t\t\t<\/div>\n\t\t\t\t<div class=\"elementor-element elementor-element-23f909dd elementor-widget__width-auto elementor-widget elementor-widget-button\" data-id=\"23f909dd\" data-element_type=\"widget\" data-widget_type=\"button.default\">\n\t\t\t\t\t\t\t\t\t\t<a class=\"elementor-button elementor-button-link elementor-size-sm\" href=\"#\">\n\t\t\t\t\t\t<span class=\"elementor-button-content-wrapper\">\n\t\t\t\t\t\t<span class=\"elementor-button-icon\">\n\t\t\t\t<svg aria-hidden=\"true\" class=\"e-font-icon-svg e-fas-chevron-right\" viewBox=\"0 0 320 512\" xmlns=\"http:\/\/www.w3.org\/2000\/svg\"><path d=\"M285.476 272.971L91.132 467.314c-9.373 9.373-24.569 9.373-33.941 0l-22.667-22.667c-9.357-9.357-9.375-24.522-.04-33.901L188.505 256 34.484 101.255c-9.335-9.379-9.317-24.544.04-33.901l22.667-22.667c9.373-9.373 24.569-9.373 33.941 0L285.475 239.03c9.373 9.372 9.373 24.568.001 33.941z\"><\/path><\/svg>\t\t\t<\/span>\n\t\t\t\t\t\t\t\t\t<span class=\"elementor-button-text\">Explora aqu\u00ed<\/span>\n\t\t\t\t\t<\/span>\n\t\t\t\t\t<\/a>\n\t\t\t\t\t\t\t\t<\/div>\n\t\t\t\t<\/div>\n\t\t\t\t<\/div>\n\t\t<div class=\"elementor-element elementor-element-4858f733 e-con-full e-flex e-con e-child\" data-id=\"4858f733\" data-element_type=\"container\">\n\t\t<div class=\"elementor-element elementor-element-3cb5cb9f e-con-full e-flex e-con e-child\" data-id=\"3cb5cb9f\" data-element_type=\"container\">\n\t\t\t\t<div class=\"elementor-element elementor-element-72ca4988 elementor-vertical-align-top elementor-widget elementor-widget-icon-box\" data-id=\"72ca4988\" data-element_type=\"widget\" data-widget_type=\"icon-box.default\">\n\t\t\t\t\t\t\t<div class=\"elementor-icon-box-wrapper\">\n\n\t\t\t\n\t\t\t\t\t\t<div class=\"elementor-icon-box-content\">\n\n\t\t\t\t\t\t\t\t\t<h3 class=\"elementor-icon-box-title\">\n\t\t\t\t\t\t<span  >\n\t\t\t\t\t\t\t03\/11\/2020 - Innovaciones tecnol\u00f3gicas\t\t\t\t\t\t<\/span>\n\t\t\t\t\t<\/h3>\n\t\t\t\t\n\t\t\t\t\t\t\t\t\t<p class=\"elementor-icon-box-description\">\n\t\t\t\t\t\tIntrodujimos nuevas tecnolog\u00edas en nuestros procesos de producci\u00f3n, mejorando la eficiencia y calidad de nuestros servicios.\t\t\t\t\t<\/p>\n\t\t\t\t\n\t\t\t<\/div>\n\t\t\t\n\t\t<\/div>\n\t\t\t\t\t\t<\/div>\n\t\t\t\t<\/div>\n\t\t<div class=\"elementor-element elementor-element-6be1a0b1 e-con-full e-flex e-con e-child\" data-id=\"6be1a0b1\" data-element_type=\"container\">\n\t\t\t\t<div class=\"elementor-element elementor-element-42018528 elementor-widget__width-auto elementor-widget elementor-widget-button\" data-id=\"42018528\" data-element_type=\"widget\" data-widget_type=\"button.default\">\n\t\t\t\t\t\t\t\t\t\t<a class=\"elementor-button elementor-button-link elementor-size-sm\" href=\"#\">\n\t\t\t\t\t\t<span class=\"elementor-button-content-wrapper\">\n\t\t\t\t\t\t\t\t\t<span class=\"elementor-button-text\">Aprende m\u00e1s<\/span>\n\t\t\t\t\t<\/span>\n\t\t\t\t\t<\/a>\n\t\t\t\t\t\t\t\t<\/div>\n\t\t\t\t<div class=\"elementor-element elementor-element-55ab615 elementor-widget__width-auto elementor-widget elementor-widget-button\" data-id=\"55ab615\" data-element_type=\"widget\" data-widget_type=\"button.default\">\n\t\t\t\t\t\t\t\t\t\t<a class=\"elementor-button elementor-button-link elementor-size-sm\" href=\"#\">\n\t\t\t\t\t\t<span class=\"elementor-button-content-wrapper\">\n\t\t\t\t\t\t<span class=\"elementor-button-icon\">\n\t\t\t\t<svg aria-hidden=\"true\" class=\"e-font-icon-svg e-fas-chevron-right\" viewBox=\"0 0 320 512\" xmlns=\"http:\/\/www.w3.org\/2000\/svg\"><path d=\"M285.476 272.971L91.132 467.314c-9.373 9.373-24.569 9.373-33.941 0l-22.667-22.667c-9.357-9.357-9.375-24.522-.04-33.901L188.505 256 34.484 101.255c-9.335-9.379-9.317-24.544.04-33.901l22.667-22.667c9.373-9.373 24.569-9.373 33.941 0L285.475 239.03c9.373 9.372 9.373 24.568.001 33.941z\"><\/path><\/svg>\t\t\t<\/span>\n\t\t\t\t\t\t\t\t\t<span class=\"elementor-button-text\">Con\u00f3cenos<\/span>\n\t\t\t\t\t<\/span>\n\t\t\t\t\t<\/a>\n\t\t\t\t\t\t\t\t<\/div>\n\t\t\t\t<\/div>\n\t\t\t\t<\/div>\n\t\t<div class=\"elementor-element elementor-element-1d4dc79a e-con-full e-flex e-con e-child\" data-id=\"1d4dc79a\" data-element_type=\"container\">\n\t\t<div class=\"elementor-element elementor-element-3151c3c6 e-con-full e-flex e-con e-child\" data-id=\"3151c3c6\" data-element_type=\"container\">\n\t\t\t\t<div class=\"elementor-element elementor-element-6002c3de elementor-vertical-align-top elementor-widget elementor-widget-icon-box\" data-id=\"6002c3de\" data-element_type=\"widget\" data-widget_type=\"icon-box.default\">\n\t\t\t\t\t\t\t<div class=\"elementor-icon-box-wrapper\">\n\n\t\t\t\n\t\t\t\t\t\t<div class=\"elementor-icon-box-content\">\n\n\t\t\t\t\t\t\t\t\t<h3 class=\"elementor-icon-box-title\">\n\t\t\t\t\t\t<span  >\n\t\t\t\t\t\t\t15\/01\/2022 - Certificaciones obtenidas\t\t\t\t\t\t<\/span>\n\t\t\t\t\t<\/h3>\n\t\t\t\t\n\t\t\t\t\t\t\t\t\t<p class=\"elementor-icon-box-description\">\n\t\t\t\t\t\tRecibimos reconocimientos y certificaciones que validan la calidad de nuestros productos y procesos.\t\t\t\t\t<\/p>\n\t\t\t\t\n\t\t\t<\/div>\n\t\t\t\n\t\t<\/div>\n\t\t\t\t\t\t<\/div>\n\t\t\t\t<\/div>\n\t\t<div class=\"elementor-element elementor-element-6efa6861 e-con-full e-flex e-con e-child\" data-id=\"6efa6861\" data-element_type=\"container\">\n\t\t\t\t<div class=\"elementor-element elementor-element-4236c4e7 elementor-widget__width-auto elementor-widget elementor-widget-button\" data-id=\"4236c4e7\" data-element_type=\"widget\" data-widget_type=\"button.default\">\n\t\t\t\t\t\t\t\t\t\t<a class=\"elementor-button elementor-button-link elementor-size-sm\" href=\"#\">\n\t\t\t\t\t\t<span class=\"elementor-button-content-wrapper\">\n\t\t\t\t\t\t\t\t\t<span class=\"elementor-button-text\">Inf\u00f3rmate aqu\u00ed<\/span>\n\t\t\t\t\t<\/span>\n\t\t\t\t\t<\/a>\n\t\t\t\t\t\t\t\t<\/div>\n\t\t\t\t<div class=\"elementor-element elementor-element-cc63ab6 elementor-widget__width-auto elementor-widget elementor-widget-button\" data-id=\"cc63ab6\" data-element_type=\"widget\" data-widget_type=\"button.default\">\n\t\t\t\t\t\t\t\t\t\t<a class=\"elementor-button elementor-button-link elementor-size-sm\" href=\"#\">\n\t\t\t\t\t\t<span class=\"elementor-button-content-wrapper\">\n\t\t\t\t\t\t<span class=\"elementor-button-icon\">\n\t\t\t\t<svg aria-hidden=\"true\" class=\"e-font-icon-svg e-fas-chevron-right\" viewBox=\"0 0 320 512\" xmlns=\"http:\/\/www.w3.org\/2000\/svg\"><path d=\"M285.476 272.971L91.132 467.314c-9.373 9.373-24.569 9.373-33.941 0l-22.667-22.667c-9.357-9.357-9.375-24.522-.04-33.901L188.505 256 34.484 101.255c-9.335-9.379-9.317-24.544.04-33.901l22.667-22.667c9.373-9.373 24.569-9.373 33.941 0L285.475 239.03c9.373 9.372 9.373 24.568.001 33.941z\"><\/path><\/svg>\t\t\t<\/span>\n\t\t\t\t\t\t\t\t\t<span class=\"elementor-button-text\">Leer m\u00e1s<\/span>\n\t\t\t\t\t<\/span>\n\t\t\t\t\t<\/a>\n\t\t\t\t\t\t\t\t<\/div>\n\t\t\t\t<\/div>\n\t\t\t\t<\/div>\n\t\t\t\t<\/div>\n\t\t\t\t\t<\/div>\n\t\t\t\t<\/div>\n\t\t\t\t<\/div>\n\t\t","protected":false},"excerpt":{"rendered":"<p>Compromiso y Trayectoria Desde nuestra fundaci\u00f3n, nos hemos dedicado a la fabricaci\u00f3n y montaje de cableados y sistemas de fibra \u00f3ptica. Con una trayectoria marcada por la calidad y el profesionalismo, nuestro equipo trabaja para ofrecer soluciones eficientes y efectivas a nuestros clientes, asegurando un servicio que cumpla con los m\u00e1s altos est\u00e1ndares de la [&hellip;]<\/p>\n","protected":false},"author":1,"featured_media":0,"parent":0,"menu_order":0,"comment_status":"closed","ping_status":"closed","template":"","meta":{"footnotes":""},"class_list":["post-20","page","type-page","status-publish","hentry"],"_links":{"self":[{"href":"https:\/\/cele.ovh\/index.php?rest_route=\/wp\/v2\/pages\/20","targetHints":{"allow":["GET"]}}],"collection":[{"href":"https:\/\/cele.ovh\/index.php?rest_route=\/wp\/v2\/pages"}],"about":[{"href":"https:\/\/cele.ovh\/index.php?rest_route=\/wp\/v2\/types\/page"}],"author":[{"embeddable":true,"href":"https:\/\/cele.ovh\/index.php?rest_route=\/wp\/v2\/users\/1"}],"replies":[{"embeddable":true,"href":"https:\/\/cele.ovh\/index.php?rest_route=%2Fwp%2Fv2%2Fcomments&post=20"}],"version-history":[{"count":7,"href":"https:\/\/cele.ovh\/index.php?rest_route=\/wp\/v2\/pages\/20\/revisions"}],"predecessor-version":[{"id":68,"href":"https:\/\/cele.ovh\/index.php?rest_route=\/wp\/v2\/pages\/20\/revisions\/68"}],"wp:attachment":[{"href":"https:\/\/cele.ovh\/index.php?rest_route=%2Fwp%2Fv2%2Fmedia&parent=20"}],"curies":[{"name":"wp","href":"https:\/\/api.w.org\/{rel}","templated":true}]}}